{"id":15,"date":"2022-03-31T12:47:23","date_gmt":"2022-03-31T12:47:23","guid":{"rendered":"http:\/\/www.istanbulray.com\/?page_id=15"},"modified":"2022-03-31T15:11:55","modified_gmt":"2022-03-31T15:11:55","slug":"hizmetlerimiz","status":"publish","type":"page","link":"http:\/\/www.istanbulray.com\/index.php\/hizmetlerimiz\/","title":{"rendered":"Hizmetlerimiz"},"content":{"rendered":"\n<h2>Hizmetlerimiz<\/h2>\n\n\n\n<p><strong>Hizmetlerimiz<\/strong><\/p>\n\n\n\n<p><strong>Vurgulamak istedi\u011fimiz&nbsp; faaliyet alanlar\u0131m\u0131z,<\/strong><\/p>\n\n\n\n<p><strong><em>Balastl\u0131 demiryolu hatlar\u0131nda<\/em><\/strong><\/p>\n\n\n\n<p>Ray ve Makas d\u00f6\u015feme<\/p>\n\n\n\n<p>Ray kayna\u011f\u0131 ( Termit ve Al\u0131n kayna\u011f\u0131 )<\/p>\n\n\n\n<p>Bak\u0131m i\u015fleri ( Travers&amp;Ray de\u011fi\u015ftirme, d\u00fcbel tebdili ve conta \u0131slah\u0131)<\/p>\n\n\n\n<p>Buraj ( el ile veya makineli )<\/p>\n\n\n\n<p>Topo\u011frafik&nbsp; \u00f6l\u00e7\u00fcm,&nbsp; projelendirme,<\/p>\n\n\n\n<p>Test ve devreye alma.<\/p>\n\n\n\n<p><strong><em>Betona tespitli Tramvay ve Hafif metro&nbsp; hatlarda,<\/em><\/strong><\/p>\n\n\n\n<p>Ray ve makas d\u00f6\u015feme, cadde tramvaylar\u0131nda ray bandaj\u0131 ve mastik uygulamalar\u0131<\/p>\n\n\n\n<p>Ray kayna\u011f\u0131 ve dolgu kayna\u011f\u0131 ile conta \u0131slah\u0131<\/p>\n\n\n\n<p>Bak\u0131m onar\u0131m i\u015fleri<\/p>\n\n\n\n<p>Topo\u011frafik \u00f6l\u00e7\u00fcm ve projelendirme<\/p>\n\n\n\n<p>Test ve devreye alma.<\/p>\n\n\n\n<p>Ray i\u015fleri tasar\u0131m, malzeme se\u00e7imi ve dan\u0131\u015fmanl\u0131k<\/p>\n\n\n\n<p>Enerji ray\u0131 ( 3.ray ) d\u00f6\u015feme i\u015fleri<\/p>\n\n\n\n<p><strong>Demiryolu balastl\u0131 imalat bak\u0131m i\u015fleri ( travers,ray&nbsp;de\u011fi\u015ftirme, el buraj\u0131, d\u00fcbel de\u011fi\u015ftirme, termit ve al\u0131n kayna\u011f\u0131 yap\u0131m\u0131 vb.)<\/strong><\/p>\n\n\n\n<p><strong>Metro, tramvay ve hafif metro bak\u0131m i\u015fleri ( betona g\u00f6m\u00fcl\u00fc yol imalatlar\u0131)<\/strong><\/p>\n\n\n\n<p><strong>Kaba ve ince in\u015faat\u0131n duvar,s\u0131va,boya ,al\u00e7\u0131pen ,\u00e7at\u0131 ve \u015fap i\u015fler<\/strong><\/p>\n\n\n\n<p><strong>\u00c7evre d\u00fczenleme ve peyzaj i\u015fleri<\/strong><\/p>\n","protected":false},"excerpt":{"rendered":"<p>Hizmetlerimiz Hizmetlerimiz Vurgulamak istedi\u011fimiz&nbsp; faaliyet alanlar\u0131m\u0131z, Balastl\u0131 demiryolu hatlar\u0131nda Ray ve Makas d\u00f6\u015feme Ray kayna\u011f\u0131 ( Termit ve Al\u0131n kayna\u011f\u0131 ) Bak\u0131m i\u015fleri ( Travers&amp;Ray de\u011fi\u015ftirme, d\u00fcbel tebdili ve conta \u0131slah\u0131) Buraj ( el ile veya makineli ) Topo\u011frafik&nbsp; \u00f6l\u00e7\u00fcm,&nbsp; projelendirme, Test ve devreye alma. Betona tespitli Tramvay ve Hafif metro&nbsp; hatlarda, Ray ve makas [&hellip;]<\/p>\n","protected":false},"author":1,"featured_media":0,"parent":0,"menu_order":0,"comment_status":"closed","ping_status":"closed","template":"","meta":[],"_links":{"self":[{"href":"http:\/\/www.istanbulray.com\/index.php\/wp-json\/wp\/v2\/pages\/15"}],"collection":[{"href":"http:\/\/www.istanbulray.com\/index.php\/wp-json\/wp\/v2\/pages"}],"about":[{"href":"http:\/\/www.istanbulray.com\/index.php\/wp-json\/wp\/v2\/types\/page"}],"author":[{"embeddable":true,"href":"http:\/\/www.istanbulray.com\/index.php\/wp-json\/wp\/v2\/users\/1"}],"replies":[{"embeddable":true,"href":"http:\/\/www.istanbulray.com\/index.php\/wp-json\/wp\/v2\/comments?post=15"}],"version-history":[{"count":2,"href":"http:\/\/www.istanbulray.com\/index.php\/wp-json\/wp\/v2\/pages\/15\/revisions"}],"predecessor-version":[{"id":64,"href":"http:\/\/www.istanbulray.com\/index.php\/wp-json\/wp\/v2\/pages\/15\/revisions\/64"}],"wp:attachment":[{"href":"http:\/\/www.istanbulray.com\/index.php\/wp-json\/wp\/v2\/media?parent=15"}],"curies":[{"name":"wp","href":"https:\/\/api.w.org\/{rel}","templated":true}]}}